{"id":5816,"date":"2026-04-18T12:14:39","date_gmt":"2026-04-18T12:14:39","guid":{"rendered":"https:\/\/www.yoreselgidapazari.com\/?post_type=product&#038;p=5816"},"modified":"2026-04-18T12:14:39","modified_gmt":"2026-04-18T12:14:39","slug":"kitir-yufka","status":"publish","type":"product","link":"https:\/\/www.yoreselgidapazari.com\/?product=kitir-yufka","title":{"rendered":"K\u0131t\u0131r Yufka"},"content":{"rendered":"<ul>\n<li>\n<p data-path-to-node=\"2,0,0\"><b data-path-to-node=\"2,0,0\" data-index-in-node=\"0\">Haz\u0131rlan\u0131\u015f\u0131:<\/b> \u0130nce a\u00e7\u0131lm\u0131\u015f yufkalar\u0131n rulo yap\u0131l\u0131p dilimlenmesi ve ard\u0131ndan f\u0131r\u0131nlanarak kurutulmas\u0131yla elde edilir.<\/p>\n<\/li>\n<li>\n<p data-path-to-node=\"2,1,0\"><b data-path-to-node=\"2,1,0\" data-index-in-node=\"0\">Kullan\u0131m\u0131:<\/b> En yayg\u0131n kullan\u0131m alan\u0131 <b data-path-to-node=\"2,1,0\" data-index-in-node=\"36\">beyran<\/b>, <b data-path-to-node=\"2,1,0\" data-index-in-node=\"44\">pa\u00e7a \u00e7orbas\u0131<\/b> veya <b data-path-to-node=\"2,1,0\" data-index-in-node=\"62\">mercimek \u00e7orbas\u0131<\/b> gibi yemeklerin i\u00e7ine servis esnas\u0131nda eklenmesidir. S\u0131v\u0131yla temas etti\u011finde hafif\u00e7e yumu\u015far ama formunu korur.<\/p>\n<\/li>\n<li>\n<p data-path-to-node=\"2,2,0\"><b data-path-to-node=\"2,2,0\" data-index-in-node=\"0\">Saklama:<\/b> Kurutulmu\u015f bir \u00fcr\u00fcn oldu\u011fu i\u00e7in foto\u011fraftaki gibi a\u011fz\u0131 kapal\u0131 paketlerde uzun s\u00fcre tazeli\u011fini koruyabilir.<\/p>\n<\/li>\n<\/ul>\n","protected":false},"excerpt":{"rendered":"<p>Haz\u0131rlan\u0131\u015f\u0131: \u0130nce a\u00e7\u0131lm\u0131\u015f yufkalar\u0131n rulo yap\u0131l\u0131p dilimlenmesi ve ard\u0131ndan f\u0131r\u0131nlanarak kurutulmas\u0131yla elde edilir. Kullan\u0131m\u0131: En yayg\u0131n kullan\u0131m alan\u0131 beyran, pa\u00e7a \u00e7orbas\u0131 veya mercimek \u00e7orbas\u0131 gibi yemeklerin i\u00e7ine servis esnas\u0131nda eklenmesidir. S\u0131v\u0131yla temas etti\u011finde hafif\u00e7e yumu\u015far ama formunu korur. Saklama: Kurutulmu\u015f bir \u00fcr\u00fcn oldu\u011fu i\u00e7in foto\u011fraftaki gibi a\u011fz\u0131 kapal\u0131 paketlerde uzun s\u00fcre tazeli\u011fini koruyabilir.<\/p>\n","protected":false},"featured_media":5817,"comment_status":"open","ping_status":"closed","template":"","meta":{"_uag_custom_page_level_css":"","site-sidebar-layout":"default","site-content-layout":"","ast-site-content-layout":"default","site-content-style":"default","site-sidebar-style":"default","ast-global-header-display":"","ast-banner-title-visibility":"","ast-main-header-display":"","ast-hfb-above-header-display":"","ast-hfb-below-header-display":"","ast-hfb-mobile-header-display":"","site-post-title":"","ast-breadcrumbs-content":"","ast-featured-img":"","footer-sml-layout":"","ast-disable-related-posts":"","theme-transparent-header-meta":"default","adv-header-id-meta":"","stick-header-meta":"","header-above-stick-meta":"","header-main-stick-meta":"","header-below-stick-meta":"","astra-migrate-meta-layouts":"set","ast-page-background-enabled":"default","ast-page-background-meta":{"desktop":{"background-color":"","background-image":"","background-repeat":"repeat","background-position":"center center","background-size":"auto","background-attachment":"scroll","background-type":"","background-media":"","overlay-type":"","overlay-color":"","overlay-opacity":"","overlay-gradient":""},"tablet":{"background-color":"","background-image":"","background-repeat":"repeat","background-position":"center center","background-size":"auto","background-attachment":"scroll","background-type":"","background-media":"","overlay-type":"","overlay-color":"","overlay-opacity":"","overlay-gradient":""},"mobile":{"background-color":"","background-image":"","background-repeat":"repeat","background-position":"center center","background-size":"auto","background-attachment":"scroll","background-type":"","background-media":"","overlay-type":"","overlay-color":"","overlay-opacity":"","overlay-gradient":""}},"ast-content-background-meta":{"desktop":{"background-color":"var(--ast-global-color-5)","background-image":"","background-repeat":"repeat","background-position":"center center","background-size":"auto","background-attachment":"scroll","background-type":"","background-media":"","overlay-type":"","overlay-color":"","overlay-opacity":"","overlay-gradient":""},"tablet":{"background-color":"var(--ast-global-color-5)","background-image":"","background-repeat":"repeat","background-position":"center center","background-size":"auto","background-attachment":"scroll","background-type":"","background-media":"","overlay-type":"","overlay-color":"","overlay-opacity":"","overlay-gradient":""},"mobile":{"background-color":"var(--ast-global-color-5)","background-image":"","background-repeat":"repeat","background-position":"center center","background-size":"auto","background-attachment":"scroll","background-type":"","background-media":"","overlay-type":"","overlay-color":"","overlay-opacity":"","overlay-gradient":""}}},"product_brand":[],"product_cat":[25,15,24],"product_tag":[],"class_list":{"0":"post-5816","1":"product","2":"type-product","3":"status-publish","4":"has-post-thumbnail","6":"product_cat-eriste-makarnalar","7":"product_cat-genel","8":"product_cat-yoresel-urunler","9":"desktop-align-center","10":"tablet-align-center","11":"mobile-align-center","13":"first","14":"instock","15":"shipping-taxable","16":"purchasable","17":"product-type-simple"},"uagb_featured_image_src":{"full":["https:\/\/www.yoreselgidapazari.com\/wp-content\/uploads\/2026\/04\/4.jpeg",899,1599,false],"thumbnail":["https:\/\/www.yoreselgidapazari.com\/wp-content\/uploads\/2026\/04\/4-150x150.jpeg",150,150,true],"medium":["https:\/\/www.yoreselgidapazari.com\/wp-content\/uploads\/2026\/04\/4-169x300.jpeg",169,300,true],"medium_large":["https:\/\/www.yoreselgidapazari.com\/wp-content\/uploads\/2026\/04\/4-768x1366.jpeg",768,1366,true],"large":["https:\/\/www.yoreselgidapazari.com\/wp-content\/uploads\/2026\/04\/4-576x1024.jpeg",576,1024,true],"1536x1536":["https:\/\/www.yoreselgidapazari.com\/wp-content\/uploads\/2026\/04\/4-864x1536.jpeg",864,1536,true],"2048x2048":["https:\/\/www.yoreselgidapazari.com\/wp-content\/uploads\/2026\/04\/4.jpeg",899,1599,false],"woocommerce_thumbnail":["https:\/\/www.yoreselgidapazari.com\/wp-content\/uploads\/2026\/04\/4-300x300.jpeg",300,300,true],"woocommerce_single":["https:\/\/www.yoreselgidapazari.com\/wp-content\/uploads\/2026\/04\/4-600x1067.jpeg",600,1067,true],"woocommerce_gallery_thumbnail":["https:\/\/www.yoreselgidapazari.com\/wp-content\/uploads\/2026\/04\/4-100x100.jpeg",100,100,true]},"uagb_author_info":{"display_name":"yoreselgida","author_link":"https:\/\/www.yoreselgidapazari.com\/?author=0"},"uagb_comment_info":0,"uagb_excerpt":"Haz\u0131rlan\u0131\u015f\u0131: \u0130nce a\u00e7\u0131lm\u0131\u015f yufkalar\u0131n rulo yap\u0131l\u0131p dilimlenmesi ve ard\u0131ndan f\u0131r\u0131nlanarak kurutulmas\u0131yla elde edilir. Kullan\u0131m\u0131: En yayg\u0131n kullan\u0131m alan\u0131 beyran, pa\u00e7a \u00e7orbas\u0131 veya mercimek \u00e7orbas\u0131 gibi yemeklerin i\u00e7ine servis esnas\u0131nda eklenmesidir. S\u0131v\u0131yla temas etti\u011finde hafif\u00e7e yumu\u015far ama formunu korur. Saklama: Kurutulmu\u015f bir \u00fcr\u00fcn oldu\u011fu i\u00e7in foto\u011fraftaki gibi a\u011fz\u0131 kapal\u0131 paketlerde uzun s\u00fcre tazeli\u011fini koruyabilir.","jetpack_sharing_enabled":true,"_links":{"self":[{"href":"https:\/\/www.yoreselgidapazari.com\/index.php?rest_route=\/wp\/v2\/product\/5816","targetHints":{"allow":["GET"]}}],"collection":[{"href":"https:\/\/www.yoreselgidapazari.com\/index.php?rest_route=\/wp\/v2\/product"}],"about":[{"href":"https:\/\/www.yoreselgidapazari.com\/index.php?rest_route=\/wp\/v2\/types\/product"}],"replies":[{"embeddable":true,"href":"https:\/\/www.yoreselgidapazari.com\/index.php?rest_route=%2Fwp%2Fv2%2Fcomments&post=5816"}],"wp:featuredmedia":[{"embeddable":true,"href":"https:\/\/www.yoreselgidapazari.com\/index.php?rest_route=\/wp\/v2\/media\/5817"}],"wp:attachment":[{"href":"https:\/\/www.yoreselgidapazari.com\/index.php?rest_route=%2Fwp%2Fv2%2Fmedia&parent=5816"}],"wp:term":[{"taxonomy":"product_brand","embeddable":true,"href":"https:\/\/www.yoreselgidapazari.com\/index.php?rest_route=%2Fwp%2Fv2%2Fproduct_brand&post=5816"},{"taxonomy":"product_cat","embeddable":true,"href":"https:\/\/www.yoreselgidapazari.com\/index.php?rest_route=%2Fwp%2Fv2%2Fproduct_cat&post=5816"},{"taxonomy":"product_tag","embeddable":true,"href":"https:\/\/www.yoreselgidapazari.com\/index.php?rest_route=%2Fwp%2Fv2%2Fproduct_tag&post=5816"}],"curies":[{"name":"wp","href":"https:\/\/api.w.org\/{rel}","templated":true}]}}