{"id":5820,"date":"2026-04-18T12:23:41","date_gmt":"2026-04-18T12:23:41","guid":{"rendered":"https:\/\/www.yoreselgidapazari.com\/?post_type=product&#038;p=5820"},"modified":"2026-04-18T12:23:41","modified_gmt":"2026-04-18T12:23:41","slug":"sebzeli-eriste","status":"publish","type":"product","link":"https:\/\/www.yoreselgidapazari.com\/?product=sebzeli-eriste","title":{"rendered":"Sebzeli Eri\u015fte"},"content":{"rendered":"<p data-path-to-node=\"1\">Geleneksel eri\u015fte hamuruna \u00e7e\u015fitli sebze p\u00fcreleri eklenerek haz\u0131rlanan bu \u00fcr\u00fcnler, hem renkleri hem de besin de\u011ferleriyle \u00f6ne \u00e7\u0131kar. Paketlerdeki renklerin temsil etti\u011fi muhtemel i\u00e7erikler \u015f\u00f6yledir:<\/p>\n<ul data-path-to-node=\"2\">\n<li>\n<p data-path-to-node=\"2,0,0\"><b data-path-to-node=\"2,0,0\" data-index-in-node=\"0\">Ye\u015fil Paket:<\/b> Ispanakl\u0131 eri\u015fte.<\/p>\n<\/li>\n<li>\n<p data-path-to-node=\"2,1,0\"><b data-path-to-node=\"2,1,0\" data-index-in-node=\"0\">K\u0131rm\u0131z\u0131\/Pembe Paket:<\/b> Pancarl\u0131 veya kapya biberli eri\u015fte.<\/p>\n<\/li>\n<li>\n<p data-path-to-node=\"2,2,0\"><b data-path-to-node=\"2,2,0\" data-index-in-node=\"0\">Sar\u0131\/Bej Paket:<\/b> Klasik (yumurtal\u0131) veya tam bu\u011fdayl\u0131 eri\u015fte.<\/p>\n<\/li>\n<\/ul>\n","protected":false},"excerpt":{"rendered":"<p>Geleneksel eri\u015fte hamuruna \u00e7e\u015fitli sebze p\u00fcreleri eklenerek haz\u0131rlanan bu \u00fcr\u00fcnler, hem renkleri hem de besin de\u011ferleriyle \u00f6ne \u00e7\u0131kar. Paketlerdeki renklerin temsil etti\u011fi muhtemel i\u00e7erikler \u015f\u00f6yledir: Ye\u015fil Paket: Ispanakl\u0131 eri\u015fte. K\u0131rm\u0131z\u0131\/Pembe Paket: Pancarl\u0131 veya kapya biberli eri\u015fte. Sar\u0131\/Bej Paket: Klasik (yumurtal\u0131) veya tam bu\u011fdayl\u0131 eri\u015fte.<\/p>\n","protected":false},"featured_media":5821,"comment_status":"open","ping_status":"closed","template":"","meta":{"_uag_custom_page_level_css":"","site-sidebar-layout":"default","site-content-layout":"","ast-site-content-layout":"default","site-content-style":"default","site-sidebar-style":"default","ast-global-header-display":"","ast-banner-title-visibility":"","ast-main-header-display":"","ast-hfb-above-header-display":"","ast-hfb-below-header-display":"","ast-hfb-mobile-header-display":"","site-post-title":"","ast-breadcrumbs-content":"","ast-featured-img":"","footer-sml-layout":"","ast-disable-related-posts":"","theme-transparent-header-meta":"default","adv-header-id-meta":"","stick-header-meta":"","header-above-stick-meta":"","header-main-stick-meta":"","header-below-stick-meta":"","astra-migrate-meta-layouts":"set","ast-page-background-enabled":"default","ast-page-background-meta":{"desktop":{"background-color":"","background-image":"","background-repeat":"repeat","background-position":"center center","background-size":"auto","background-attachment":"scroll","background-type":"","background-media":"","overlay-type":"","overlay-color":"","overlay-opacity":"","overlay-gradient":""},"tablet":{"background-color":"","background-image":"","background-repeat":"repeat","background-position":"center center","background-size":"auto","background-attachment":"scroll","background-type":"","background-media":"","overlay-type":"","overlay-color":"","overlay-opacity":"","overlay-gradient":""},"mobile":{"background-color":"","background-image":"","background-repeat":"repeat","background-position":"center center","background-size":"auto","background-attachment":"scroll","background-type":"","background-media":"","overlay-type":"","overlay-color":"","overlay-opacity":"","overlay-gradient":""}},"ast-content-background-meta":{"desktop":{"background-color":"var(--ast-global-color-5)","background-image":"","background-repeat":"repeat","background-position":"center center","background-size":"auto","background-attachment":"scroll","background-type":"","background-media":"","overlay-type":"","overlay-color":"","overlay-opacity":"","overlay-gradient":""},"tablet":{"background-color":"var(--ast-global-color-5)","background-image":"","background-repeat":"repeat","background-position":"center center","background-size":"auto","background-attachment":"scroll","background-type":"","background-media":"","overlay-type":"","overlay-color":"","overlay-opacity":"","overlay-gradient":""},"mobile":{"background-color":"var(--ast-global-color-5)","background-image":"","background-repeat":"repeat","background-position":"center center","background-size":"auto","background-attachment":"scroll","background-type":"","background-media":"","overlay-type":"","overlay-color":"","overlay-opacity":"","overlay-gradient":""}}},"product_brand":[],"product_cat":[25,15,24],"product_tag":[],"class_list":{"0":"post-5820","1":"product","2":"type-product","3":"status-publish","4":"has-post-thumbnail","6":"product_cat-eriste-makarnalar","7":"product_cat-genel","8":"product_cat-yoresel-urunler","9":"desktop-align-center","10":"tablet-align-center","11":"mobile-align-center","13":"first","14":"instock","15":"shipping-taxable","16":"purchasable","17":"product-type-simple"},"uagb_featured_image_src":{"full":["https:\/\/www.yoreselgidapazari.com\/wp-content\/uploads\/2026\/04\/7.jpeg",899,1599,false],"thumbnail":["https:\/\/www.yoreselgidapazari.com\/wp-content\/uploads\/2026\/04\/7-150x150.jpeg",150,150,true],"medium":["https:\/\/www.yoreselgidapazari.com\/wp-content\/uploads\/2026\/04\/7-169x300.jpeg",169,300,true],"medium_large":["https:\/\/www.yoreselgidapazari.com\/wp-content\/uploads\/2026\/04\/7-768x1366.jpeg",768,1366,true],"large":["https:\/\/www.yoreselgidapazari.com\/wp-content\/uploads\/2026\/04\/7-576x1024.jpeg",576,1024,true],"1536x1536":["https:\/\/www.yoreselgidapazari.com\/wp-content\/uploads\/2026\/04\/7-864x1536.jpeg",864,1536,true],"2048x2048":["https:\/\/www.yoreselgidapazari.com\/wp-content\/uploads\/2026\/04\/7.jpeg",899,1599,false],"woocommerce_thumbnail":["https:\/\/www.yoreselgidapazari.com\/wp-content\/uploads\/2026\/04\/7-300x300.jpeg",300,300,true],"woocommerce_single":["https:\/\/www.yoreselgidapazari.com\/wp-content\/uploads\/2026\/04\/7-600x1067.jpeg",600,1067,true],"woocommerce_gallery_thumbnail":["https:\/\/www.yoreselgidapazari.com\/wp-content\/uploads\/2026\/04\/7-100x100.jpeg",100,100,true]},"uagb_author_info":{"display_name":"yoreselgida","author_link":"https:\/\/www.yoreselgidapazari.com\/?author=0"},"uagb_comment_info":0,"uagb_excerpt":"Geleneksel eri\u015fte hamuruna \u00e7e\u015fitli sebze p\u00fcreleri eklenerek haz\u0131rlanan bu \u00fcr\u00fcnler, hem renkleri hem de besin de\u011ferleriyle \u00f6ne \u00e7\u0131kar. Paketlerdeki renklerin temsil etti\u011fi muhtemel i\u00e7erikler \u015f\u00f6yledir: Ye\u015fil Paket: Ispanakl\u0131 eri\u015fte. K\u0131rm\u0131z\u0131\/Pembe Paket: Pancarl\u0131 veya kapya biberli eri\u015fte. Sar\u0131\/Bej Paket: Klasik (yumurtal\u0131) veya tam bu\u011fdayl\u0131 eri\u015fte.","jetpack_sharing_enabled":true,"_links":{"self":[{"href":"https:\/\/www.yoreselgidapazari.com\/index.php?rest_route=\/wp\/v2\/product\/5820","targetHints":{"allow":["GET"]}}],"collection":[{"href":"https:\/\/www.yoreselgidapazari.com\/index.php?rest_route=\/wp\/v2\/product"}],"about":[{"href":"https:\/\/www.yoreselgidapazari.com\/index.php?rest_route=\/wp\/v2\/types\/product"}],"replies":[{"embeddable":true,"href":"https:\/\/www.yoreselgidapazari.com\/index.php?rest_route=%2Fwp%2Fv2%2Fcomments&post=5820"}],"wp:featuredmedia":[{"embeddable":true,"href":"https:\/\/www.yoreselgidapazari.com\/index.php?rest_route=\/wp\/v2\/media\/5821"}],"wp:attachment":[{"href":"https:\/\/www.yoreselgidapazari.com\/index.php?rest_route=%2Fwp%2Fv2%2Fmedia&parent=5820"}],"wp:term":[{"taxonomy":"product_brand","embeddable":true,"href":"https:\/\/www.yoreselgidapazari.com\/index.php?rest_route=%2Fwp%2Fv2%2Fproduct_brand&post=5820"},{"taxonomy":"product_cat","embeddable":true,"href":"https:\/\/www.yoreselgidapazari.com\/index.php?rest_route=%2Fwp%2Fv2%2Fproduct_cat&post=5820"},{"taxonomy":"product_tag","embeddable":true,"href":"https:\/\/www.yoreselgidapazari.com\/index.php?rest_route=%2Fwp%2Fv2%2Fproduct_tag&post=5820"}],"curies":[{"name":"wp","href":"https:\/\/api.w.org\/{rel}","templated":true}]}}