{"id":5822,"date":"2026-04-18T12:38:38","date_gmt":"2026-04-18T12:38:38","guid":{"rendered":"https:\/\/www.yoreselgidapazari.com\/?post_type=product&#038;p=5822"},"modified":"2026-04-18T12:38:38","modified_gmt":"2026-04-18T12:38:38","slug":"ev-yapimi-tarhana","status":"publish","type":"product","link":"https:\/\/www.yoreselgidapazari.com\/?product=ev-yapimi-tarhana","title":{"rendered":"Ev Yap\u0131m\u0131 Tarhana"},"content":{"rendered":"<ul>\n<li>\n<p data-path-to-node=\"3,0,0\"><b data-path-to-node=\"3,0,0\" data-index-in-node=\"0\">Toz Formu:<\/b> Kurutulup \u00f6\u011f\u00fct\u00fcld\u00fc\u011f\u00fc i\u00e7in \u00e7orba yap\u0131m\u0131na haz\u0131r, ince taneli bir yap\u0131dad\u0131r.<\/p>\n<\/li>\n<li>\n<p data-path-to-node=\"3,1,0\"><b data-path-to-node=\"3,1,0\" data-index-in-node=\"0\">Rengi:<\/b> \u0130\u00e7eri\u011findeki k\u0131rm\u0131z\u0131 biber ve domates yo\u011funlu\u011funa ba\u011fl\u0131 olarak turuncu-pembe aras\u0131 do\u011fal bir rengi vard\u0131r.<\/p>\n<\/li>\n<li>\u00c7orba olarak t\u00fcketildi\u011finde hem besleyici hem de sindirimi kolayla\u015ft\u0131ran probiyotik \u00f6zelliklere sahiptir.<\/li>\n<\/ul>\n","protected":false},"excerpt":{"rendered":"<p>Toz Formu: Kurutulup \u00f6\u011f\u00fct\u00fcld\u00fc\u011f\u00fc i\u00e7in \u00e7orba yap\u0131m\u0131na haz\u0131r, ince taneli bir yap\u0131dad\u0131r. Rengi: \u0130\u00e7eri\u011findeki k\u0131rm\u0131z\u0131 biber ve domates yo\u011funlu\u011funa ba\u011fl\u0131 olarak turuncu-pembe aras\u0131 do\u011fal bir rengi vard\u0131r. \u00c7orba olarak t\u00fcketildi\u011finde hem besleyici hem de sindirimi kolayla\u015ft\u0131ran probiyotik \u00f6zelliklere sahiptir.<\/p>\n","protected":false},"featured_media":5818,"comment_status":"open","ping_status":"closed","template":"","meta":{"_uag_custom_page_level_css":"","site-sidebar-layout":"default","site-content-layout":"","ast-site-content-layout":"default","site-content-style":"default","site-sidebar-style":"default","ast-global-header-display":"","ast-banner-title-visibility":"","ast-main-header-display":"","ast-hfb-above-header-display":"","ast-hfb-below-header-display":"","ast-hfb-mobile-header-display":"","site-post-title":"","ast-breadcrumbs-content":"","ast-featured-img":"","footer-sml-layout":"","ast-disable-related-posts":"","theme-transparent-header-meta":"default","adv-header-id-meta":"","stick-header-meta":"","header-above-stick-meta":"","header-main-stick-meta":"","header-below-stick-meta":"","astra-migrate-meta-layouts":"set","ast-page-background-enabled":"default","ast-page-background-meta":{"desktop":{"background-color":"","background-image":"","background-repeat":"repeat","background-position":"center center","background-size":"auto","background-attachment":"scroll","background-type":"","background-media":"","overlay-type":"","overlay-color":"","overlay-opacity":"","overlay-gradient":""},"tablet":{"background-color":"","background-image":"","background-repeat":"repeat","background-position":"center center","background-size":"auto","background-attachment":"scroll","background-type":"","background-media":"","overlay-type":"","overlay-color":"","overlay-opacity":"","overlay-gradient":""},"mobile":{"background-color":"","background-image":"","background-repeat":"repeat","background-position":"center center","background-size":"auto","background-attachment":"scroll","background-type":"","background-media":"","overlay-type":"","overlay-color":"","overlay-opacity":"","overlay-gradient":""}},"ast-content-background-meta":{"desktop":{"background-color":"var(--ast-global-color-5)","background-image":"","background-repeat":"repeat","background-position":"center center","background-size":"auto","background-attachment":"scroll","background-type":"","background-media":"","overlay-type":"","overlay-color":"","overlay-opacity":"","overlay-gradient":""},"tablet":{"background-color":"var(--ast-global-color-5)","background-image":"","background-repeat":"repeat","background-position":"center center","background-size":"auto","background-attachment":"scroll","background-type":"","background-media":"","overlay-type":"","overlay-color":"","overlay-opacity":"","overlay-gradient":""},"mobile":{"background-color":"var(--ast-global-color-5)","background-image":"","background-repeat":"repeat","background-position":"center center","background-size":"auto","background-attachment":"scroll","background-type":"","background-media":"","overlay-type":"","overlay-color":"","overlay-opacity":"","overlay-gradient":""}}},"product_brand":[],"product_cat":[15,24],"product_tag":[],"class_list":{"0":"post-5822","1":"product","2":"type-product","3":"status-publish","4":"has-post-thumbnail","6":"product_cat-genel","7":"product_cat-yoresel-urunler","8":"desktop-align-center","9":"tablet-align-center","10":"mobile-align-center","12":"first","13":"instock","14":"sale","15":"shipping-taxable","16":"purchasable","17":"product-type-simple"},"uagb_featured_image_src":{"full":["https:\/\/www.yoreselgidapazari.com\/wp-content\/uploads\/2026\/04\/WhatsApp-Image-2026-04-10-at-06.50.39.jpeg",720,1280,false],"thumbnail":["https:\/\/www.yoreselgidapazari.com\/wp-content\/uploads\/2026\/04\/WhatsApp-Image-2026-04-10-at-06.50.39-150x150.jpeg",150,150,true],"medium":["https:\/\/www.yoreselgidapazari.com\/wp-content\/uploads\/2026\/04\/WhatsApp-Image-2026-04-10-at-06.50.39-169x300.jpeg",169,300,true],"medium_large":["https:\/\/www.yoreselgidapazari.com\/wp-content\/uploads\/2026\/04\/WhatsApp-Image-2026-04-10-at-06.50.39.jpeg",720,1280,false],"large":["https:\/\/www.yoreselgidapazari.com\/wp-content\/uploads\/2026\/04\/WhatsApp-Image-2026-04-10-at-06.50.39-576x1024.jpeg",576,1024,true],"1536x1536":["https:\/\/www.yoreselgidapazari.com\/wp-content\/uploads\/2026\/04\/WhatsApp-Image-2026-04-10-at-06.50.39.jpeg",720,1280,false],"2048x2048":["https:\/\/www.yoreselgidapazari.com\/wp-content\/uploads\/2026\/04\/WhatsApp-Image-2026-04-10-at-06.50.39.jpeg",720,1280,false],"woocommerce_thumbnail":["https:\/\/www.yoreselgidapazari.com\/wp-content\/uploads\/2026\/04\/WhatsApp-Image-2026-04-10-at-06.50.39-300x300.jpeg",300,300,true],"woocommerce_single":["https:\/\/www.yoreselgidapazari.com\/wp-content\/uploads\/2026\/04\/WhatsApp-Image-2026-04-10-at-06.50.39-600x1067.jpeg",600,1067,true],"woocommerce_gallery_thumbnail":["https:\/\/www.yoreselgidapazari.com\/wp-content\/uploads\/2026\/04\/WhatsApp-Image-2026-04-10-at-06.50.39-100x100.jpeg",100,100,true]},"uagb_author_info":{"display_name":"yoreselgida","author_link":"https:\/\/www.yoreselgidapazari.com\/?author=0"},"uagb_comment_info":0,"uagb_excerpt":"Toz Formu: Kurutulup \u00f6\u011f\u00fct\u00fcld\u00fc\u011f\u00fc i\u00e7in \u00e7orba yap\u0131m\u0131na haz\u0131r, ince taneli bir yap\u0131dad\u0131r. Rengi: \u0130\u00e7eri\u011findeki k\u0131rm\u0131z\u0131 biber ve domates yo\u011funlu\u011funa ba\u011fl\u0131 olarak turuncu-pembe aras\u0131 do\u011fal bir rengi vard\u0131r. \u00c7orba olarak t\u00fcketildi\u011finde hem besleyici hem de sindirimi kolayla\u015ft\u0131ran probiyotik \u00f6zelliklere sahiptir.","jetpack_sharing_enabled":true,"_links":{"self":[{"href":"https:\/\/www.yoreselgidapazari.com\/index.php?rest_route=\/wp\/v2\/product\/5822","targetHints":{"allow":["GET"]}}],"collection":[{"href":"https:\/\/www.yoreselgidapazari.com\/index.php?rest_route=\/wp\/v2\/product"}],"about":[{"href":"https:\/\/www.yoreselgidapazari.com\/index.php?rest_route=\/wp\/v2\/types\/product"}],"replies":[{"embeddable":true,"href":"https:\/\/www.yoreselgidapazari.com\/index.php?rest_route=%2Fwp%2Fv2%2Fcomments&post=5822"}],"wp:featuredmedia":[{"embeddable":true,"href":"https:\/\/www.yoreselgidapazari.com\/index.php?rest_route=\/wp\/v2\/media\/5818"}],"wp:attachment":[{"href":"https:\/\/www.yoreselgidapazari.com\/index.php?rest_route=%2Fwp%2Fv2%2Fmedia&parent=5822"}],"wp:term":[{"taxonomy":"product_brand","embeddable":true,"href":"https:\/\/www.yoreselgidapazari.com\/index.php?rest_route=%2Fwp%2Fv2%2Fproduct_brand&post=5822"},{"taxonomy":"product_cat","embeddable":true,"href":"https:\/\/www.yoreselgidapazari.com\/index.php?rest_route=%2Fwp%2Fv2%2Fproduct_cat&post=5822"},{"taxonomy":"product_tag","embeddable":true,"href":"https:\/\/www.yoreselgidapazari.com\/index.php?rest_route=%2Fwp%2Fv2%2Fproduct_tag&post=5822"}],"curies":[{"name":"wp","href":"https:\/\/api.w.org\/{rel}","templated":true}]}}