{"id":5825,"date":"2026-04-18T12:49:30","date_gmt":"2026-04-18T12:49:30","guid":{"rendered":"https:\/\/www.yoreselgidapazari.com\/?post_type=product&#038;p=5825"},"modified":"2026-04-18T12:49:30","modified_gmt":"2026-04-18T12:49:30","slug":"karisik-sebzeli-ev-eristesi","status":"publish","type":"product","link":"https:\/\/www.yoreselgidapazari.com\/?product=karisik-sebzeli-ev-eristesi","title":{"rendered":"Kar\u0131\u015f\u0131k Sebzeli Ev Eri\u015ftesi"},"content":{"rendered":"<ul>\n<li>\n<p data-path-to-node=\"2,0,0\"><b data-path-to-node=\"2,0,0\" data-index-in-node=\"0\">Turuncu Paket:<\/b> Havu\u00e7lu veya kapya biberli eri\u015fte.<\/p>\n<\/li>\n<li>\n<p data-path-to-node=\"2,1,0\"><b data-path-to-node=\"2,1,0\" data-index-in-node=\"0\">Mor\/Koyu K\u0131rm\u0131z\u0131 Paket:<\/b> Pancarl\u0131 eri\u015fte.<\/p>\n<\/li>\n<li>\n<p data-path-to-node=\"2,2,0\"><b data-path-to-node=\"2,2,0\" data-index-in-node=\"0\">Ye\u015fil Paket:<\/b> Ispanakl\u0131 veya \u0131s\u0131rgan otlu eri\u015fte.<\/p>\n<\/li>\n<li>\n<p data-path-to-node=\"2,3,0\"><b data-path-to-node=\"2,3,0\" data-index-in-node=\"0\">Sar\u0131\/Krem Paket:<\/b> Klasik yumurtal\u0131 k\u00f6y eri\u015ftesi.<\/p>\n<\/li>\n<\/ul>\n","protected":false},"excerpt":{"rendered":"<p>Turuncu Paket: Havu\u00e7lu veya kapya biberli eri\u015fte. Mor\/Koyu K\u0131rm\u0131z\u0131 Paket: Pancarl\u0131 eri\u015fte. Ye\u015fil Paket: Ispanakl\u0131 veya \u0131s\u0131rgan otlu eri\u015fte. Sar\u0131\/Krem Paket: Klasik yumurtal\u0131 k\u00f6y eri\u015ftesi.<\/p>\n","protected":false},"featured_media":0,"comment_status":"open","ping_status":"closed","template":"","meta":{"_uag_custom_page_level_css":"","site-sidebar-layout":"default","site-content-layout":"","ast-site-content-layout":"default","site-content-style":"default","site-sidebar-style":"default","ast-global-header-display":"","ast-banner-title-visibility":"","ast-main-header-display":"","ast-hfb-above-header-display":"","ast-hfb-below-header-display":"","ast-hfb-mobile-header-display":"","site-post-title":"","ast-breadcrumbs-content":"","ast-featured-img":"","footer-sml-layout":"","ast-disable-related-posts":"","theme-transparent-header-meta":"default","adv-header-id-meta":"","stick-header-meta":"","header-above-stick-meta":"","header-main-stick-meta":"","header-below-stick-meta":"","astra-migrate-meta-layouts":"set","ast-page-background-enabled":"default","ast-page-background-meta":{"desktop":{"background-color":"","background-image":"","background-repeat":"repeat","background-position":"center center","background-size":"auto","background-attachment":"scroll","background-type":"","background-media":"","overlay-type":"","overlay-color":"","overlay-opacity":"","overlay-gradient":""},"tablet":{"background-color":"","background-image":"","background-repeat":"repeat","background-position":"center center","background-size":"auto","background-attachment":"scroll","background-type":"","background-media":"","overlay-type":"","overlay-color":"","overlay-opacity":"","overlay-gradient":""},"mobile":{"background-color":"","background-image":"","background-repeat":"repeat","background-position":"center center","background-size":"auto","background-attachment":"scroll","background-type":"","background-media":"","overlay-type":"","overlay-color":"","overlay-opacity":"","overlay-gradient":""}},"ast-content-background-meta":{"desktop":{"background-color":"var(--ast-global-color-5)","background-image":"","background-repeat":"repeat","background-position":"center center","background-size":"auto","background-attachment":"scroll","background-type":"","background-media":"","overlay-type":"","overlay-color":"","overlay-opacity":"","overlay-gradient":""},"tablet":{"background-color":"var(--ast-global-color-5)","background-image":"","background-repeat":"repeat","background-position":"center center","background-size":"auto","background-attachment":"scroll","background-type":"","background-media":"","overlay-type":"","overlay-color":"","overlay-opacity":"","overlay-gradient":""},"mobile":{"background-color":"var(--ast-global-color-5)","background-image":"","background-repeat":"repeat","background-position":"center center","background-size":"auto","background-attachment":"scroll","background-type":"","background-media":"","overlay-type":"","overlay-color":"","overlay-opacity":"","overlay-gradient":""}}},"product_brand":[],"product_cat":[25,15,24],"product_tag":[],"class_list":{"0":"post-5825","1":"product","2":"type-product","3":"status-publish","5":"product_cat-eriste-makarnalar","6":"product_cat-genel","7":"product_cat-yoresel-urunler","8":"desktop-align-center","9":"tablet-align-center","10":"mobile-align-center","12":"first","13":"instock","14":"shipping-taxable","15":"purchasable","16":"product-type-simple"},"uagb_featured_image_src":{"full":false,"thumbnail":false,"medium":false,"medium_large":false,"large":false,"1536x1536":false,"2048x2048":false,"woocommerce_thumbnail":false,"woocommerce_single":false,"woocommerce_gallery_thumbnail":false},"uagb_author_info":{"display_name":"yoreselgida","author_link":"https:\/\/www.yoreselgidapazari.com\/?author=0"},"uagb_comment_info":0,"uagb_excerpt":"Turuncu Paket: Havu\u00e7lu veya kapya biberli eri\u015fte. Mor\/Koyu K\u0131rm\u0131z\u0131 Paket: Pancarl\u0131 eri\u015fte. Ye\u015fil Paket: Ispanakl\u0131 veya \u0131s\u0131rgan otlu eri\u015fte. Sar\u0131\/Krem Paket: Klasik yumurtal\u0131 k\u00f6y eri\u015ftesi.","jetpack_sharing_enabled":true,"_links":{"self":[{"href":"https:\/\/www.yoreselgidapazari.com\/index.php?rest_route=\/wp\/v2\/product\/5825","targetHints":{"allow":["GET"]}}],"collection":[{"href":"https:\/\/www.yoreselgidapazari.com\/index.php?rest_route=\/wp\/v2\/product"}],"about":[{"href":"https:\/\/www.yoreselgidapazari.com\/index.php?rest_route=\/wp\/v2\/types\/product"}],"replies":[{"embeddable":true,"href":"https:\/\/www.yoreselgidapazari.com\/index.php?rest_route=%2Fwp%2Fv2%2Fcomments&post=5825"}],"wp:attachment":[{"href":"https:\/\/www.yoreselgidapazari.com\/index.php?rest_route=%2Fwp%2Fv2%2Fmedia&parent=5825"}],"wp:term":[{"taxonomy":"product_brand","embeddable":true,"href":"https:\/\/www.yoreselgidapazari.com\/index.php?rest_route=%2Fwp%2Fv2%2Fproduct_brand&post=5825"},{"taxonomy":"product_cat","embeddable":true,"href":"https:\/\/www.yoreselgidapazari.com\/index.php?rest_route=%2Fwp%2Fv2%2Fproduct_cat&post=5825"},{"taxonomy":"product_tag","embeddable":true,"href":"https:\/\/www.yoreselgidapazari.com\/index.php?rest_route=%2Fwp%2Fv2%2Fproduct_tag&post=5825"}],"curies":[{"name":"wp","href":"https:\/\/api.w.org\/{rel}","templated":true}]}}